{"id":12,"date":"2021-08-22T23:11:10","date_gmt":"2021-08-22T23:11:10","guid":{"rendered":"http:\/\/www.trumanshow.pl\/wp256\/?page_id=12"},"modified":"2021-09-04T13:36:31","modified_gmt":"2021-09-04T13:36:31","slug":"contact","status":"publish","type":"page","link":"http:\/\/www.trumanshow.pl\/?page_id=12","title":{"rendered":"Linki"},"content":{"rendered":"\n<div class=\"wp-block-columns is-layout-flex wp-container-core-columns-is-layout-9d6595d7 wp-block-columns-is-layout-flex\">\n<div class=\"wp-block-column is-layout-flow wp-block-column-is-layout-flow\">\n<figure class=\"wp-block-image size-large\"><img loading=\"lazy\" decoding=\"async\" width=\"1024\" height=\"762\" src=\"http:\/\/www.trumanshow.pl\/wp256\/wp-content\/uploads\/2021\/08\/Zrzut-ekranu-2021-08-31-00.17.34-1024x762.png\" alt=\"\" class=\"wp-image-393\" srcset=\"http:\/\/www.trumanshow.pl\/wp-content\/uploads\/2021\/08\/Zrzut-ekranu-2021-08-31-00.17.34-1024x762.png 1024w, http:\/\/www.trumanshow.pl\/wp-content\/uploads\/2021\/08\/Zrzut-ekranu-2021-08-31-00.17.34-300x223.png 300w, http:\/\/www.trumanshow.pl\/wp-content\/uploads\/2021\/08\/Zrzut-ekranu-2021-08-31-00.17.34-768x571.png 768w, http:\/\/www.trumanshow.pl\/wp-content\/uploads\/2021\/08\/Zrzut-ekranu-2021-08-31-00.17.34.png 1385w\" sizes=\"auto, (max-width: 1024px) 100vw, 1024px\" \/><\/figure>\n\n\n\n<p class=\"has-text-align-center\"><strong><em><a href=\"http:\/\/www.thesentimentalbastards.pl\" target=\"_blank\" rel=\"noreferrer noopener\">The Sentimental Bastards<\/a><\/em><\/strong><\/p>\n\n\n\n<p class=\"has-small-font-size\">Strona opowiadaj\u0105ca o USA z perspektywy Europejczyka, na kt\u00f3rej staram si\u0119 eksplorowa\u0107 wszystko, co z tym zak\u0105tkiem \u015bwiata si\u0119 wi\u0105\u017ce. Tam historie z podr\u00f3\u017cy, relacje z tambylcami oraz felietony i masa informacji, kt\u00f3rych na innych blogach podr\u00f3\u017cniczych nie odnajdziesz<\/p>\n<\/div>\n\n\n\n<div class=\"wp-block-column is-layout-flow wp-block-column-is-layout-flow\">\n<figure class=\"wp-block-image size-large\"><img loading=\"lazy\" decoding=\"async\" width=\"1024\" height=\"762\" src=\"http:\/\/www.trumanshow.pl\/wp256\/wp-content\/uploads\/2021\/08\/Zrzut-ekranu-2021-08-31-00.19.15-1024x762.png\" alt=\"\" class=\"wp-image-394\" srcset=\"http:\/\/www.trumanshow.pl\/wp-content\/uploads\/2021\/08\/Zrzut-ekranu-2021-08-31-00.19.15-1024x762.png 1024w, http:\/\/www.trumanshow.pl\/wp-content\/uploads\/2021\/08\/Zrzut-ekranu-2021-08-31-00.19.15-300x223.png 300w, http:\/\/www.trumanshow.pl\/wp-content\/uploads\/2021\/08\/Zrzut-ekranu-2021-08-31-00.19.15-768x571.png 768w, http:\/\/www.trumanshow.pl\/wp-content\/uploads\/2021\/08\/Zrzut-ekranu-2021-08-31-00.19.15.png 1385w\" sizes=\"auto, (max-width: 1024px) 100vw, 1024px\" \/><\/figure>\n\n\n\n<p class=\"has-text-align-center\"><strong><em><a href=\"http:\/\/www.historiezmorza.pl\" target=\"_blank\" rel=\"noreferrer noopener\">Historie z Morza<\/a><\/em><\/strong><\/p>\n\n\n\n<p class=\"has-small-font-size\">Strona o morzu i wszystkim, co si\u0119 z nim wi\u0105\u017ce. Tam felietony i ciekawostki oraz jedyny kana\u0142 RSS, gdzie mo\u017cna podejrze\u0107 najnowsze newsy morskie z innych serwis\u00f3w \u2013 zar\u00f3wno polskich jak i zagranicznych<\/p>\n<\/div>\n<\/div>\n","protected":false},"excerpt":{"rendered":"<p>The Sentimental Bastards Strona opowiadaj\u0105ca o USA z perspektywy Europejczyka, na kt\u00f3rej staram si\u0119 eksplorowa\u0107 wszystko, co z tym zak\u0105tkiem &hellip; <span class=\"more-button\"><a href=\"http:\/\/www.trumanshow.pl\/?page_id=12\" class=\"more-link\">Continue Reading<span class=\"screen-reader-text\">Linki<\/span><\/a><\/span><\/p>\n","protected":false},"author":1,"featured_media":214,"parent":0,"menu_order":0,"comment_status":"closed","ping_status":"closed","template":"","meta":{"footnotes":""},"class_list":["post-12","page","type-page","status-publish","has-post-thumbnail","hentry"],"_links":{"self":[{"href":"http:\/\/www.trumanshow.pl\/index.php?rest_route=\/wp\/v2\/pages\/12","targetHints":{"allow":["GET"]}}],"collection":[{"href":"http:\/\/www.trumanshow.pl\/index.php?rest_route=\/wp\/v2\/pages"}],"about":[{"href":"http:\/\/www.trumanshow.pl\/index.php?rest_route=\/wp\/v2\/types\/page"}],"author":[{"embeddable":true,"href":"http:\/\/www.trumanshow.pl\/index.php?rest_route=\/wp\/v2\/users\/1"}],"replies":[{"embeddable":true,"href":"http:\/\/www.trumanshow.pl\/index.php?rest_route=%2Fwp%2Fv2%2Fcomments&post=12"}],"version-history":[{"count":9,"href":"http:\/\/www.trumanshow.pl\/index.php?rest_route=\/wp\/v2\/pages\/12\/revisions"}],"predecessor-version":[{"id":476,"href":"http:\/\/www.trumanshow.pl\/index.php?rest_route=\/wp\/v2\/pages\/12\/revisions\/476"}],"wp:featuredmedia":[{"embeddable":true,"href":"http:\/\/www.trumanshow.pl\/index.php?rest_route=\/wp\/v2\/media\/214"}],"wp:attachment":[{"href":"http:\/\/www.trumanshow.pl\/index.php?rest_route=%2Fwp%2Fv2%2Fmedia&parent=12"}],"curies":[{"name":"wp","href":"https:\/\/api.w.org\/{rel}","templated":true}]}}