{"id":2,"date":"2021-08-22T21:08:05","date_gmt":"2021-08-22T21:08:05","guid":{"rendered":"http:\/\/www.trumanshow.pl\/wp256\/?page_id=2"},"modified":"2021-08-30T22:24:52","modified_gmt":"2021-08-30T22:24:52","slug":"sample-page","status":"publish","type":"page","link":"http:\/\/www.trumanshow.pl\/?page_id=2","title":{"rendered":"Od Autora"},"content":{"rendered":"\n<div class=\"wp-block-columns is-layout-flex wp-container-core-columns-is-layout-9d6595d7 wp-block-columns-is-layout-flex\">\n<div class=\"wp-block-column is-layout-flow wp-block-column-is-layout-flow\" style=\"flex-basis:66.66%\">\n<div class=\"wp-block-group has-gray-background-color has-background\"><div class=\"wp-block-group__inner-container is-layout-flow wp-block-group-is-layout-flow\">\n<div class=\"wp-block-group\"><div class=\"wp-block-group__inner-container is-layout-flow wp-block-group-is-layout-flow\">\n<p><strong>Sk\u0105d ta strona? <\/strong><\/p>\n\n\n\n<p class=\"has-small-font-size\"><em>Przyszed\u0142 ten dzie\u0144 , gdy musia\u0142em dokona\u0107 aktu secesji i przenie\u015b\u0107 t\u0105 jedyn\u0105, niezwi\u0105zan\u0105 bezpo\u015brednio z USA podstron\u0119, z <strong><a rel=\"noreferrer noopener\" href=\"http:\/\/www.thesentimentalbastards.pl\" target=\"_blank\">The Sentimental Bastards<\/a> <\/strong>na inne serwery. Teksty, kt\u00f3re znajdowa\u0142y si\u0119 w sekcji Truman Show PL, nadal traktuj\u0119 z du\u017cym sentymentem i \u017cal by\u0142o mi ich wyrzuca\u0107. Jest te\u017c ca\u0142a masa rzeczy, kt\u00f3rych, ze wzgl\u0119du na odleg\u0142\u0105 tematyk\u0119, nie wypada\u0142o mi wrzuca\u0107 na TSB. \u0141azi\u0142y gdzie\u015b si\u0119 po internetach jak stado bezdomnych, a mnie ten ich stan do\u0142owa\u0142 coraz bardziej.  <\/em><\/p>\n\n\n\n<p class=\"has-small-font-size\"><em>Pomijaj\u0105c wszystko to, co powy\u017cej, dwa powody, dla kt\u00f3rych powsta\u0142a ta sekcja na TSB nie uleg\u0142y zmianie: <\/em><\/p>\n\n\n\n<p class=\"has-small-font-size\"><strong>Pierwszy: <\/strong>poziom mojego zniecierpliwienia facebookiem jest na tyle du\u017cy, \u017ce chc\u0119 mie\u0107 miejsce gdzie mog\u0119 zarchiwizowa\u0107 co lepsze posty z prywatnej tablicy. Tak na wszelki wypadek, gdybym kt\u00f3rego\u015b dnia doszed\u0142 do wniosku, \u017ce czas mi ucieka\u0107 z tej upiornej scenografii po\u0142\u0105czonych film\u00f3w \u201eTruman Show\u201d i \u201eDzie\u0144 \u015awistaka\u201d. Szkoda by\u0142oby mi straci\u0107 t\u0105 dekad\u0119 siania liter w przestrzeniach social media.<\/p>\n\n\n\n<p class=\"has-small-font-size\"><strong>Drugi <\/strong>\u2013 wszystko co udost\u0119pnia\u0142em na tablicy zawsze by\u0142o ograniczone do grona znajomych. Mam w\u015br\u00f3d nich osoby nieprzypadkowe i chocia\u017c zestaw jest pod niekt\u00f3rymi wzgl\u0119dami egzotyczny to nie zdarzy\u0142o mi si\u0119 jeszcze, by Ci pozornie niepowi\u0105zani, reprezentuj\u0105cy skrajnie r\u00f3\u017cne profesje i pogl\u0105dy ludzie, skoczyli sobie do garde\u0142. Mia\u0142em kilka razy pro\u015bb\u0119 o upublicznienie posta ale to troch\u0119 jakbym mi\u0119dzy lubianych ludzi wpuszcza\u0142 obcy element. Z tego bloga jak kto\u015b zechce dwoma klikni\u0119ciami mo\u017cna puszcza\u0107 tre\u015bci dalej, a ja b\u0119d\u0119 spa\u0142 spokojnie, \u017ce ewentualna awantura b\u0119dzie si\u0119 dzia\u0142a poza moj\u0105 tablic\u0105 i nie dotknie nikogo ze znajomych. Prawda o tych wpisach jest taka, \u017ce nie lubi\u0119 pisa\u0107 z pokor\u0105 o popularnych i wy\u015bwiechtanych tezach, a w przypadku wi\u0119kszo\u015bci awantur spo\u0142ecznych, kt\u00f3re nam tutaj zjadaj\u0105 czas, staram si\u0119 pokazywa\u0107 jak w ogromnym stopniu media wyp\u0142aszczaj\u0105 nam skomplikowane problemy. Pokazywanie tej manipulacji oraz punktowanie rzeczy, kt\u00f3re w radosnym obrzucaniu si\u0119 b\u0142otem przeoczyli\u015bmy, traktuj\u0119 jak swoj\u0105 misj\u0119 specjaln\u0105.  <\/p>\n<\/div><\/div>\n\n\n\n<p><strong>Reklamy<\/strong><\/p>\n\n\n\n<p class=\"has-small-font-size\">To miejsce od pocz\u0105tku mia\u0142o by\u0107 <strong>spokojn\u0105 przystani\u0105 o niekomercyjnym charakterze<\/strong>. Pozostanie takim tak d\u0142ugo, jak b\u0119dzie mnie jeszcze sta\u0107 na op\u0142acanie serwera, domeny, wtyczek i zdj\u0119\u0107, dzi\u0119ki kt\u00f3rym wszystko wygl\u0105da tu tak jak dzisiaj. Bez reklam, kr\u0119puj\u0105cych artyku\u0142\u00f3w sponsorowanych, nachalnej promocji politycznej czy w ko\u0144cu wyskakuj\u0105cych okienek na p\u00f3\u0142 ekranu. Je\u017celi chcia\u0142by\u015b wesprze\u0107 moj\u0105 prac\u0119 lub do\u0142o\u017cy\u0107 swoj\u0105 cegie\u0142k\u0119 do utrzymania tego portu to za jaki\u015b czas pewnie za\u0142o\u017c\u0119 Patronite.<\/p>\n\n\n\n<p><strong>Cytowanie<\/strong><\/p>\n\n\n\n<p class=\"has-small-font-size\">Je\u017celi nie napisa\u0142em tutaj inaczej (bo korzystam czasami z prywatnych zdj\u0119\u0107, na kt\u00f3re ka\u017cdorazowo wyst\u0119puj\u0119 o pozwolenie wykorzystania do w\u0142a\u015bciciela), materia\u0142y na tej stronie s\u0105 moj\u0105 tw\u00f3rczo\u015bci\u0105 na podstawie opracowa\u0144 i t\u0142umacze\u0144 w\u0142asnych oraz og\u00f3lnie dost\u0119pnych \u017ar\u00f3de\u0142. Zgadzam si\u0119 na ich wykorzystanie w publikacjach pisanych, internetowych lub drukowanych na zasadzie \u201eshare alike\u201d, ale jedynie w zgodzie z regu\u0142ami Licencji Creative Commons \u2013 Uznanie Autorstwa \u2013 U\u017cycie Niekomercyjne (CC-BY-NC-SA) pod warunkiem podania \u017ar\u00f3d\u0142a opracowania w postaci podpisu \u201e\u0179r\u00f3d\u0142o: trumanshow.pl\u201d. Sam staram si\u0119 tych zasad bardzo \u015bci\u015ble trzyma\u0107, a skoro wymagam od siebie, to mog\u0119 te\u017c od innych.<\/p>\n<\/div><\/div>\n<\/div>\n\n\n\n<div class=\"wp-block-column is-layout-flow wp-block-column-is-layout-flow\" style=\"flex-basis:33.33%\">\n<div class=\"wp-block-group\"><div class=\"wp-block-group__inner-container is-layout-flow wp-block-group-is-layout-flow\">\n<div class=\"wp-block-group has-white-background-color has-background\"><div class=\"wp-block-group__inner-container is-layout-flow wp-block-group-is-layout-flow\">\n<figure class=\"wp-block-image size-large\"><img loading=\"lazy\" decoding=\"async\" width=\"746\" height=\"1024\" src=\"http:\/\/www.trumanshow.pl\/wp256\/wp-content\/uploads\/2021\/08\/IMG_20170829_220414-2-746x1024.jpg\" alt=\"\" class=\"wp-image-371\" srcset=\"http:\/\/www.trumanshow.pl\/wp-content\/uploads\/2021\/08\/IMG_20170829_220414-2-746x1024.jpg 746w, http:\/\/www.trumanshow.pl\/wp-content\/uploads\/2021\/08\/IMG_20170829_220414-2-219x300.jpg 219w, http:\/\/www.trumanshow.pl\/wp-content\/uploads\/2021\/08\/IMG_20170829_220414-2-768x1054.jpg 768w, http:\/\/www.trumanshow.pl\/wp-content\/uploads\/2021\/08\/IMG_20170829_220414-2-1119x1536.jpg 1119w, http:\/\/www.trumanshow.pl\/wp-content\/uploads\/2021\/08\/IMG_20170829_220414-2-1492x2048.jpg 1492w, http:\/\/www.trumanshow.pl\/wp-content\/uploads\/2021\/08\/IMG_20170829_220414-2-scaled.jpg 1865w\" sizes=\"auto, (max-width: 746px) 100vw, 746px\" \/><\/figure>\n\n\n\n<p><strong>Artur Morawski<\/strong><\/p>\n\n\n\n<p class=\"has-text-color has-small-font-size\" style=\"color:#6e6e6e\">facebook <a rel=\"noreferrer noopener\" href=\"https:\/\/fb.me\/historiezmorza\" target=\"_blank\">fb.me\/historiezmorza<\/a><br>messenger <a rel=\"noreferrer noopener\" href=\"https:\/\/m.me\/historiezmorza?fbclid=IwAR0OoqkFl7ejFgLLurQrN_9ngWw0LcS_an4cqqoCl6yV1nWqJeeGPC-BB-Q\" target=\"_blank\">m.me\/historiezmorza<\/a><br>twitter <a rel=\"noreferrer noopener\" href=\"http:\/\/twitter.com\/historiezmorza\" target=\"_blank\">@historiezmorza<\/a><br>instagram <a rel=\"noreferrer noopener\" href=\"http:\/\/www.instagram.com\/historiezmorza\/\" target=\"_blank\">@historiezmorza<\/a><br>mail: artur@historiezmorza.pl<\/p>\n<\/div><\/div>\n<\/div><\/div>\n<\/div>\n<\/div>\n\n\n\n<p><\/p>\n","protected":false},"excerpt":{"rendered":"<p>Sk\u0105d ta strona? Przyszed\u0142 ten dzie\u0144 , gdy musia\u0142em dokona\u0107 aktu secesji i przenie\u015b\u0107 t\u0105 jedyn\u0105, niezwi\u0105zan\u0105 bezpo\u015brednio z USA &hellip; <span class=\"more-button\"><a href=\"http:\/\/www.trumanshow.pl\/?page_id=2\" class=\"more-link\">Continue Reading<span class=\"screen-reader-text\">Od Autora<\/span><\/a><\/span><\/p>\n","protected":false},"author":1,"featured_media":214,"parent":0,"menu_order":0,"comment_status":"closed","ping_status":"open","template":"","meta":{"footnotes":""},"class_list":["post-2","page","type-page","status-publish","has-post-thumbnail","hentry"],"_links":{"self":[{"href":"http:\/\/www.trumanshow.pl\/index.php?rest_route=\/wp\/v2\/pages\/2","targetHints":{"allow":["GET"]}}],"collection":[{"href":"http:\/\/www.trumanshow.pl\/index.php?rest_route=\/wp\/v2\/pages"}],"about":[{"href":"http:\/\/www.trumanshow.pl\/index.php?rest_route=\/wp\/v2\/types\/page"}],"author":[{"embeddable":true,"href":"http:\/\/www.trumanshow.pl\/index.php?rest_route=\/wp\/v2\/users\/1"}],"replies":[{"embeddable":true,"href":"http:\/\/www.trumanshow.pl\/index.php?rest_route=%2Fwp%2Fv2%2Fcomments&post=2"}],"version-history":[{"count":17,"href":"http:\/\/www.trumanshow.pl\/index.php?rest_route=\/wp\/v2\/pages\/2\/revisions"}],"predecessor-version":[{"id":397,"href":"http:\/\/www.trumanshow.pl\/index.php?rest_route=\/wp\/v2\/pages\/2\/revisions\/397"}],"wp:featuredmedia":[{"embeddable":true,"href":"http:\/\/www.trumanshow.pl\/index.php?rest_route=\/wp\/v2\/media\/214"}],"wp:attachment":[{"href":"http:\/\/www.trumanshow.pl\/index.php?rest_route=%2Fwp%2Fv2%2Fmedia&parent=2"}],"curies":[{"name":"wp","href":"https:\/\/api.w.org\/{rel}","templated":true}]}}